{"id":1023,"date":"2021-08-25T07:04:03","date_gmt":"2021-08-25T07:04:03","guid":{"rendered":"https:\/\/sangennarociuc.ro\/?page_id=1023"},"modified":"2021-08-25T07:04:03","modified_gmt":"2021-08-25T07:04:03","slug":"termeni-si-conditii","status":"publish","type":"page","link":"https:\/\/sangennarociuc.ro\/index.php\/termeni-si-conditii\/","title":{"rendered":"Termeni si conditii"},"content":{"rendered":"<section class=\"av_textblock_section \"  itemscope=\"itemscope\" itemtype=\"https:\/\/schema.org\/CreativeWork\" ><div class='avia_textblock  '   itemprop=\"text\" ><p>Termeni si condi\u021bii de utilizare a site-ului sangennarociuc.ro<br \/>\n1. Defini\u021bii<br \/>\n1.1. In cuprinsul prezentului document, urm\u0103torii termeni folosi\u021bi cu majuscule vor avea, daca din context nu rezulta altfel, \u00een\u021belesurile specificate mai jos:<br \/>\nSITE: reprezint\u0103 SITE-ul Internet apar\u021bin\u00e2nd sangennarociuc.ro, care se afla la adresa www.sangennarociuc.ro, prin intermediul c\u0103ruia UTILIZATORUL are acces la informa\u021bii privind serviciile si produsele oferite \/ asigurate de c\u0103tre sangennarociuc.ro in re\u021beaua magazinelor sangennarociuc.ro.<br \/>\nsangennarociuc.ro: reprezint\u0103 societatea SAN GENNARO SRL cu sediul in Str. Petofi Sandor, Nr. 15, Miercurea Ciuc, Jud. Harghita, \u00eenregistrata la Registrul Comer\u021bului sub nr. J19\/422\/2003 si av\u00e2nd Codul Unic de \u00cenregistrare 15449360.<br \/>\nUTILIZATOR: reprezint\u0103 persoana care acceseaz\u0103 SITE-ul, in scopuri private sau profesionale si care a acceptat TERMENII SI CONDITIILE prezentului SITE, \u00eendeplinind in acest sens toate cerin\u021bele procesului de \u00eenregistrare;<br \/>\nUTILIZARE ABUZIVA: reprezint\u0103 utilizarea SITE-ului intr-un mod contrar practicii in domeniu, a reglementarilor si ale legisla\u021biei in vigoare sau in orice alt mod care poate produce prejudicii sangennarociuc.ro.<br \/>\n2. Con\u021binutul site-ului<br \/>\n2.1. Informa\u021biile publicate pe SITE sunt informa\u021bii de interes general despre sangennarociuc.ro, produsele comercializate de acesta, ale partenerilor s\u0103i cat si alte informa\u021bii considerate de sangennarociuc.ro ca fiind de interes pentru UTILIZATORI.<br \/>\n2.2. Informa\u021biile sunt puse la dispozi\u021bia UTILIZATORILOR de regula, in mod gratuit. sangennarociuc.ro \u00ee\u0219i rezerva dreptul de a implementa anumite servicii pe SITE ce vor fi oferite contra cost UTILIZATORILOR.<br \/>\n2.3. sangennarociuc.ro este de\u021bin\u0103torul tuturor drepturilor de proprietate intelectuala asupra SITE-ului, respectiv asupra designului si continutului acestuia precum si asupra tuturor M\u0103rcilor \u00eenregistrate de sangennarociuc.ro si publicate pe SITE UTILIZATORUL are obliga\u021bia de a respecta toate drepturile de proprietate intelectuala ale sangennarociuc.ro, prev\u0103zute de legisla\u021bia in vigoare.<br \/>\n3. Utilizarea site-ului<br \/>\n3.1. UTILIZATORUL se obliga sa acceseze si sa utilizeze SITE-ul in scopuri si prin mijloace care sa nu constituie o utilizare abuziva.<br \/>\n4. Limitarea r\u0103spunderii sangennarociuc.ro<br \/>\n4.1. R\u0103spunderea pentru con\u021binutul SITE-ului.<br \/>\nsangennarociuc.ro nu este si nu poate fi f\u0103cut responsabil pentru prejudiciile create de erorile, neacuratetea sau neactualizarea informa\u021biilor publicate sau men\u021binute pe SITE, care nu se datoreaz\u0103 culpei sale.<br \/>\n4.2. In cazul in care preturile sau alte detalii referitoare la produse\/promo\u021bii au fost afi\u0219ate gre\u0219it, inclusiv din cauza faptului ca au fost introduse gre\u0219it in baza de date, ne alocam dreptul de a anula livrarea respectivului produs si de a anun\u021ba clientul telefonic\/e-mail in cel mai scurt timp, despre eroarea ap\u0103ruta, daca produsul nu s-a livrat \u00eenc\u0103.<br \/>\n4.3. Caracteristicile produselor prezentate pe SITE sunt preluate \/ puse la dispozi\u021bie de produc\u0103tori si\/ furnizori si sangennarociuc.ro nu \u00ee\u0219i asuma r\u0103spunderea pentru corectitudinea acestor informa\u021bii.<br \/>\n4.4. Preturile produselor de pe acest SITE sunt informative si pot suferi modific\u0103ri neanun\u021bate. Promo\u021biile prezentate pe SITE sunt valabile in perioada de timp men\u021bionata.In cazul in care nu se men\u021bioneaz\u0103 o perioada de timp, acestea sunt valabile in limita stocurilor disponibile. Toate produsele prezentate pe acest SITE sunt disponibile in limita stocului fizic disponibil. In cazul epuiz\u0103rii stocului reprezentantul sangennarociuc.ro va oferi alternative prin prezentarea altor produse asem\u0103n\u0103toare ca si aspect si specifica\u021bii tehnice cu produsul comandat al c\u0103rui stoc s-a epuizat.<br \/>\n4.5. De asemenea, imaginile sunt prezentate pe SITE cu titlu de exemplu, iar produsele livrate, pot diferi de imagini in orice mod, datorita modific\u0103rii caracteristicilor, design-ului f\u0103r\u0103 notificare prealabila de c\u0103tre produc\u0103tori.<br \/>\n4.6. Un produs la precomanda este un produs ce urmeaz\u0103 sa fie lansat si poate fi achizi\u021bionat \u00eenainte de lansare. Furnizorul \u00ee\u0219i rezerva dreptul de a modifica f\u0103r\u0103 preaviz data de lansare. Produsele la precomanda se adaug\u0103 in cos in acela\u0219i fel ca orice alt produs din magazinul online. F\u0103c\u00e2nd o precomanda, va asigura\u021bi ca ve\u021bi primi produsul imediat dup\u0103 lansare si ca ve\u021bi beneficia de un pre\u021b foarte bun. Produsele aflate la precomanda vor fi livrate, in ziua lans\u0103rii sau in maxim 1-2 zile lucr\u0103toare de la lansare, in situa\u021bia in care produsul exista pe stocul sangennarociuc.ro in ziua lans\u0103rii. In situa\u021bia in care produsul ajunge in posesia sangennarociuc.ro dup\u0103 data lans\u0103rii, livrarea se va face in 1-2 zile lucr\u0103toare din momentul intr\u0103rii produsului in stocul sangennarociuc.ro. Precomenzile se achita in acela\u0219i mod ca si o comanda normala, prin oricare din metodele de plata acceptate. In oricare dintre situa\u021bii (plata la livrare sau plata online) este necesar sa a\u0219tepta\u021bi confirmarea telefonica sau pe email din partea unui operator, in momentul in care produsul devine disponibil. Pute\u021bi renun\u021ba in orice moment la o precomanda. Daca aceasta din urma a fost deja achitata, pute\u021bi opta pentru returnarea sumei sau creditarea contului dvs. in vederea unei alte comenzi.<br \/>\nNota \u2013 orice interven\u021bie neautorizata, duce implicit la pierderea garan\u021biei produsului<br \/>\n4.8. sangennarociuc.ro \u00ee\u0219i rezerva dreptul sa completeze si sa modifice orice informa\u021bie de pe SITE.<br \/>\n4.9. Orice problema cauzata de produsele si \/ serviciile prezentate pe SITE se va solu\u021biona pe cale amiabila in termen de 15 zile lucr\u0103toare de la data sesiz\u0103rii in scris a problemelor, de c\u0103tre UTILIZATOR.<br \/>\n5.0. sangennarociuc.ro nu r\u0103spunde de nicio pierdere, costuri, procese, preten\u021bii, cheltuieli sau alte r\u0103spunderi, in cazul in care acestea sunt cauzate direct de nerespectarea Termenilor si condi\u021biilor.<br \/>\n5.1. sangennarociuc.ro nu r\u0103spunde pentru prejudiciile create ca urmare a nefunc\u021bion\u0103rii Site-ului precum si pentru cele rezult\u00e2nd din imposibilitatea de accesare a anumitor link-uri publicate pe Site.<br \/>\n5.2. Utilizarea Browser ului Internet.<br \/>\nsangennarociuc.ro garanteaz\u0103 utilizarea optima a Site-ului prin utilizarea minim a Internet Explorer 6.<br \/>\n5.3. Va informam ca eventualele reclama\u021bii privind deficientele estetice ale produselor, vor fi luate in considerare si vor fi analizate doar daca acestea se reclama in primele 48 ore de la momentul recep\u021biei produsului.<br \/>\n5.4. Modalit\u0103\u021bile de plata pentru finalizarea unei comenzi online sunt : numerar la livrare, online cu card bancar, ordin de plata. In cazul in care opta\u021bi pentru plata online cu card bancar, va informam ca \u00eenregistrarea pla\u021bii nu garanteaz\u0103 confirmarea si livrarea comenzii. In cazul in care comanda nu este confirmata (termenul pentru procesarea comenzii este de 48h) suma de bani pl\u0103tita va fi restituita in contul dumneavoastr\u0103 in cel mai scurt timp.<br \/>\n5.5. \u00cenregistrarea comenzii nu reprezint\u0103 si confirmarea acesteia. Dup\u0103 preluarea comenzii, aceasta va fi procesata de c\u0103tre operatorii no\u0219tri in vederea confirm\u0103rii si stabilirii detaliilor de livrare. Termenul de livrare este de 1-3 zile lucr\u0103toare de la confirmarea comenzii.<br \/>\n5.6. In perioada s\u0103rb\u0103torilor de Paste, de iarna, a evenimentului Black Friday, precum si pe toata durata altor campanii ale companiei, procesarea unei comenzi precum si livrarea acesteia poate dura intre 7-10 zile lucr\u0103toare.<br \/>\n6. Accesarea SITE-ului sangennarociuc.ro<br \/>\nAceasta implica acceptul UTILIZATORILOR ca datele lor personale sa fie p\u0103strate si prelucrate de compania sangennarociuc.ro. Scopurile prelucr\u0103rii acestor date sunt: crearea unei baze de date pentru realizarea de rapoarte statistice, informarea despre promo\u021biile re\u021belei de magazine sangennarociuc.ro sau despre orice alte promo\u021bii sau activit\u0103\u021bi desf\u0103\u0219urate de sangennarociuc.ro prin orice mijloace de comunicare (posta, e-mail, telefon, SMS, etc.). sangennarociuc.ro este unicul de\u021bin\u0103tor al informa\u021biilor colectate de pe acest site. sangennarociuc.ro se obliga ca datele personale sa nu fie difuzate c\u0103tre ter\u021bi prin v\u00e2nzare, dezv\u0103luire par\u021biala, sau \u00eenchiriere.<br \/>\nSingurele excep\u021bii de la aceasta regula o constituie operatorul de marketing direct care efectueaz\u0103 diverse ac\u021biuni specifice agreate de sangennarociuc.ro, in baza unui document de tip NDA (Non-Disclosure Agreement) si a unui contract, ambele validate de c\u0103tre Departamentul Juridic.<br \/>\n7. Colectarea datelor<br \/>\nSe face prin diverse modalit\u0103\u021bi si instrumente specifice precum: soft profesional de urm\u0103rire a traficului, aplica\u021bia de gestiune a newsletter-ului, prin salvarea in baze de date a diversele formulare de contact disponibile pe site care sunt completate de c\u0103tre utilizatori, prin chestionare online etc. Utilizam adresele IP pentru a analiza obiceiurile de navigare, a administra site-ul, a urm\u0103ri interesele utilizatorilor si a aduna informa\u021bii demografice pentru uz intern. Toate acestea au ca scop cre\u0219terea gradului de u\u0219urin\u021ba in utilizarea site-ului si publicarea unor informa\u021bii cat mai relevante pentru interesele utilizatorilor.<br \/>\n8. Acces restric\u021bionat si (dez)abonare<br \/>\nExista zone in site care necesita \u00eenregistrare (vezi \u00cenregistrare) sau abonare (vezi newsletter). In cazul newsletter ului, fiecare edi\u021bie\/alerta con\u021bine si modalitatea de dezabonare; odat\u0103 accesata aceasta op\u021biune, dezabonarea se aplica imediat, nefiind necesare alte confirm\u0103ri din partea utilizatorilor. In func\u021bie de tipul de \u00eenregistrare (creare cont site, abonare newsletter, aplica\u021bie formular online de creditare), utilizatorului ii pot fi solicitate date precum: nume, prenume, email, adresa, CNP, companie etc. Aceste date sunt folosite pentru identificare, validarea sau completarea contului de abonat, pentru evaluarea datelor \u00eenscrise in formularul online de creditare.<br \/>\n9. Cookies<br \/>\nSite-ul sangennarociuc.ro folose\u0219te cookie-uri, acestea fiind date stocate pe computerul, terminalul mobil sau alt echipament al utilizatorului, con\u021bin\u00e2nd informa\u021bii despre acesta. Folosirea mecanismului de tip cookie reprezint\u0103 un avantaj \u00een folosul vizitatorilor, acesta permin\u021b\u00e2nd memorarea unor op\u021biuni de navigare \u00een site precum limba \u00een care se afi\u0219eaz\u0103 site-ul, tip de filtre care se aplic\u0103 la afi\u0219area unor anumite pagini, memorarea numelui de utilizator \u0219i a parolei pentru un acces rapid la con\u021binutul site-ului. Neacceptarea unui cookie nu \u00eenseamn\u0103 c\u0103 utilizatorului \u00eei va fi refuzat accesul de navigare \u00een site, de citire a con\u021binutului acestuia. Cu ajutorul cookies, proprietarii de site-uri pot monitoriza \u0219i segmenta interesele utilizatorilor fa\u021b\u0103 de anumite zone sau aplica\u021bii ale site-ului, fapt care le permite ulterior \u00eembun\u0103t\u0103\u021birea experien\u021bei de navigare, introducerea unui con\u021binut relevant pentru utilizator etc.<br \/>\nUnii dintre partenerii no\u0219tri de afaceri folosesc cookies pe site-ul nostru, de exemplu cei care \u00ee\u0219i fac publicitate. Cu toate acestea, nu avem acces \u0219i nici nu putem controla aceste cookies.<br \/>\nCookies care, din punct de vedere tehnic, nu sunt obligatorii a fi stocate pe terminalul utilizatorului, vor fi folosite doar dac\u0103 utilizatorul \u00ee\u0219i exprim\u0103 consim\u021b\u0103mantul expres \u0219i neechivoc \u00een legatur\u0103 cu acestea, prin bifarea categoriilor prezentate. Utilizatorul \u00ee\u0219i va putea retrage consim\u021b\u0103mantul \u00een orice moment prin modificarea set\u0103rilor aferente browser-ului utilizat, \u00een conformitate cu www.sangennarociuc.ro\/politica-de-confidentialitate<br \/>\n10. Link-urile<br \/>\nAcest site con\u021bine link-uri c\u0103tre alte site-uri. sangennarociuc.ronu este responsabil de politica de confiden\u021bialitate practicat\u0103 de ace\u0219tia. V\u0103 recomand\u0103m consultarea \u00een prealabil a termenilor legali \u0219i a celorlalte informa\u021bii referitoare la colectarea datelor cu caracter personal. Normele expuse in acest text se aplica doar in cazul datelor colectate pe acest site.<br \/>\n11. Notific\u0103ri si ac\u021biuni privind informa\u021biile despre utilizatori<br \/>\nLa cererea scris\u0103 a utilizatorilor, datat\u0103 \u0219i semnat\u0103, expediat\u0103 pe adresa sangennarociuc.ro, acesta se oblig\u0103:<br \/>\na) s\u0103 confirme solicitan\u021bilor, dac\u0103 prelucreaz\u0103 sau nu date personale; acest lucru se face gratuit, o singur\u0103 dat\u0103 pe an;<br \/>\nb) s\u0103 rectifice, actualizeze, blocheze, \u0219tearg\u0103 sau s\u0103 transforme \u00een date anonime, \u00een mod gratuit, datele a c\u0103ror prelucrare nu este conform\u0103 dispozi\u021biilor privind protec\u021bia persoanelor cu privire la prelucrarea datelor cu caracter personal \u0219i libera circula\u021bie a acestor date;<br \/>\nc) s\u0103 transmit\u0103 utilizatorului datele cu caracter personal care o privesc \u0219i pe care le-a furnizat sangennarociuc.ro \u00eentr-un format structurat, utilizat \u00een mod curent \u0219i care poate fi citit automat \u00een vederea transmiterii acestora altui operator;<br \/>\nd) s\u0103 \u00eenceteze prelucrarea datelor personale ale utilizatorului, dac\u0103 acesta solicit\u0103 acest lucru.<br \/>\n12. Comunicarea modific\u0103rilor<br \/>\nDaca informa\u021biile de identificare ale unui utilizator se schimba (ca de exemplu codul po\u0219tal) sau daca un utilizator dore\u0219te sa renun\u021be la serviciile noastre, vom avea grija sa corectam, actualizam sau sa eliminam acele date personale care ne-au fost \u00eencredin\u021bate de c\u0103tre utilizator. Acest lucru poate fi realizat fie de pe pagina de \u00eenregistrare, fie prin intermediul formularului de contact.<br \/>\nOrice schimbare a termenilor prezentei politici va fi comunicata c\u0103tre utilizatori prin email, astfel \u00eenc\u00e2t ace\u0219tia s\u0103 fie \u00eentotdeauna informa\u021bi cu privire la datele pe care le colect\u0103m, cum le utiliz\u0103m \u0219i \u00een ce circumstan\u021be, dac\u0103 exist\u0103, le facem publice. Utilizatorii vor putea s\u0103 fie sau nu de acord cu utilizarea informa\u021biilor \u00een alte scopuri. Vom utiliza datele \u00een concordan\u021b\u0103 cu politica sub care au fost culese informa\u021biile, conform cu www.sangennarociuc.ro\/politica-de-confidentialitate<br \/>\n13. Securitate<br \/>\nAcest site adopt\u0103 toate m\u0103surile de securitate necesare protej\u0103rii datelor personale ale utilizatorilor no\u0219tri. \u00cen momentul complet\u0103rii datelor personale pe site-ul nostru, informa\u021biile vor fi protejate at\u00e2t offline c\u00e2t \u0219i online. Toate datele cu caracter personal vor fi prelucrate prin intermediul unor pagini securizate care folosesc sistemul de criptare SSL, marcate cu simbolul unui l\u0103c\u0103\u021bel, a carui pozi\u021bionare variaza in functie de tipul de browser utilizat (ex.:\u00een partea de jos a ferestrei, daca utilizati browser-ul Microsoft Internet Explorer sau in partea de sus a ferestrei, daca utilizati browser-ul Google Chrome). Pentru mai multe informa\u021bii privind standardele de securitate practicate pe acest site acceseaz\u0103 sec\u021biunea Ajutor.<br \/>\nFiind de acord cu prezentul document &#8222;Termeni si condi\u021bii de utilizare a site-ului sangennarociuc.ro&#8221; , utilizatorii \u00ee\u0219i asuma in totalitate eventualele riscuri.<\/p>\n<\/div><\/section>\n","protected":false},"excerpt":{"rendered":"","protected":false},"author":1,"featured_media":0,"parent":0,"menu_order":0,"comment_status":"closed","ping_status":"closed","template":"","meta":[],"aioseo_notices":[],"_links":{"self":[{"href":"https:\/\/sangennarociuc.ro\/index.php\/wp-json\/wp\/v2\/pages\/1023"}],"collection":[{"href":"https:\/\/sangennarociuc.ro\/index.php\/wp-json\/wp\/v2\/pages"}],"about":[{"href":"https:\/\/sangennarociuc.ro\/index.php\/wp-json\/wp\/v2\/types\/page"}],"author":[{"embeddable":true,"href":"https:\/\/sangennarociuc.ro\/index.php\/wp-json\/wp\/v2\/users\/1"}],"replies":[{"embeddable":true,"href":"https:\/\/sangennarociuc.ro\/index.php\/wp-json\/wp\/v2\/comments?post=1023"}],"version-history":[{"count":1,"href":"https:\/\/sangennarociuc.ro\/index.php\/wp-json\/wp\/v2\/pages\/1023\/revisions"}],"predecessor-version":[{"id":1024,"href":"https:\/\/sangennarociuc.ro\/index.php\/wp-json\/wp\/v2\/pages\/1023\/revisions\/1024"}],"wp:attachment":[{"href":"https:\/\/sangennarociuc.ro\/index.php\/wp-json\/wp\/v2\/media?parent=1023"}],"curies":[{"name":"wp","href":"https:\/\/api.w.org\/{rel}","templated":true}]}}